{"id":4552,"date":"2026-03-27T13:36:01","date_gmt":"2026-03-27T10:36:01","guid":{"rendered":"https:\/\/www.buygoogleadsaccount.com\/product\/konto-google-ads-2024-wydano-1770-usd\/"},"modified":"2026-03-27T13:36:01","modified_gmt":"2026-03-27T10:36:01","slug":"konto-google-ads-2024-wydano-1770-usd","status":"publish","type":"product","link":"https:\/\/www.buygoogleadsaccount.com\/pl\/product\/konto-google-ads-2024-wydano-1770-usd\/","title":{"rendered":"Konto Google Ads 2024 &#8211; Wydano 1770 USD"},"content":{"rendered":"<p>Historia wydatk\u00f3w: 1770 USD<br \/>\nWiek: <span data-sheets-root=\"1\">2024<\/span><br \/>\nWaluta konta: USD<br \/>\nStrefa czasowa: +5<br \/>\nKraj profilu p\u0142atno\u015bci: <span data-sheets-root=\"1\">Kazachstan<\/span><br \/>\nRodzaj p\u0142atno\u015bci: reset<br \/>\n<span data-sheets-root=\"1\">Potrzebna jest pe\u0142na weryfikacja reklamodawcy.<\/span><\/p>\n<p><strong>Co otrzymasz po dokonaniu p\u0142atno\u015bci?<\/strong><br \/>\n1. E-mail, has\u0142o, klucz 2FA, kraj proxy, pliki cookie, dokumenty, odcisk palca dla przegl\u0105darki antidetect.<br \/>\n2. Po dokonaniu p\u0142atno\u015bci mo\u017cesz pobra\u0107 plik ze strony internetowej, a tak\u017ce otrzymasz wszystkie informacje na sw\u00f3j adres e-mail.<\/p>\n<p><em>Mo\u017cemy r\u00f3wnie\u017c przenie\u015b\u0107 konto przez Octobrowser, prosimy o kontakt z mened\u017cerem @adsalexaccs (telegram).<\/em><\/p>\n","protected":false},"excerpt":{"rendered":"<p>Historia wydatk\u00f3w: 1770 USD Wiek: 2024 Waluta konta: USD Strefa czasowa: +5 Kraj profilu p\u0142atno\u015bci: Kazachstan Rodzaj p\u0142atno\u015bci: reset Potrzebna jest pe\u0142na weryfikacja reklamodawcy. Co otrzymasz po dokonaniu p\u0142atno\u015bci? 1. E-mail, has\u0142o, klucz 2FA, kraj proxy, pliki cookie, dokumenty, odcisk palca dla przegl\u0105darki antidetect. 2. Po dokonaniu p\u0142atno\u015bci mo\u017cesz pobra\u0107 plik ze strony internetowej, a [&hellip;]<\/p>\n","protected":false},"featured_media":4495,"template":"","meta":{"_seopress_robots_primary_cat":"none","_seopress_titles_title":"","_seopress_titles_desc":"","_seopress_robots_index":"","_et_pb_use_builder":"off","_et_pb_old_content":"","_et_gb_content_width":""},"product_brand":[],"product_cat":[67],"product_tag":[],"class_list":{"0":"post-4552","1":"product","2":"type-product","3":"status-publish","4":"has-post-thumbnail","6":"product_cat-wydatki-1-5-tys-dolarow","8":"first","9":"instock","10":"virtual","11":"sold-individually","12":"purchasable","13":"product-type-simple"},"jetpack_sharing_enabled":true,"_links":{"self":[{"href":"https:\/\/www.buygoogleadsaccount.com\/pl\/wp-json\/wp\/v2\/product\/4552","targetHints":{"allow":["GET"]}}],"collection":[{"href":"https:\/\/www.buygoogleadsaccount.com\/pl\/wp-json\/wp\/v2\/product"}],"about":[{"href":"https:\/\/www.buygoogleadsaccount.com\/pl\/wp-json\/wp\/v2\/types\/product"}],"wp:featuredmedia":[{"embeddable":true,"href":"https:\/\/www.buygoogleadsaccount.com\/pl\/wp-json\/wp\/v2\/media\/4495"}],"wp:attachment":[{"href":"https:\/\/www.buygoogleadsaccount.com\/pl\/wp-json\/wp\/v2\/media?parent=4552"}],"wp:term":[{"taxonomy":"product_brand","embeddable":true,"href":"https:\/\/www.buygoogleadsaccount.com\/pl\/wp-json\/wp\/v2\/product_brand?post=4552"},{"taxonomy":"product_cat","embeddable":true,"href":"https:\/\/www.buygoogleadsaccount.com\/pl\/wp-json\/wp\/v2\/product_cat?post=4552"},{"taxonomy":"product_tag","embeddable":true,"href":"https:\/\/www.buygoogleadsaccount.com\/pl\/wp-json\/wp\/v2\/product_tag?post=4552"}],"curies":[{"name":"wp","href":"https:\/\/api.w.org\/{rel}","templated":true}]}}