{"id":4803,"date":"2026-04-01T11:10:20","date_gmt":"2026-04-01T08:10:20","guid":{"rendered":"https:\/\/www.buygoogleadsaccount.com\/product\/konto-google-ads-03-2026-usa-4\/"},"modified":"2026-04-01T11:10:20","modified_gmt":"2026-04-01T08:10:20","slug":"konto-google-ads-03-2026-usa-4","status":"publish","type":"product","link":"https:\/\/www.buygoogleadsaccount.com\/pl\/product\/konto-google-ads-03-2026-usa-4\/","title":{"rendered":"Konto Google Ads 03.2026 USA"},"content":{"rendered":"<p>Konto Google Ads od 03.2026 USA<br \/>\nKraj weryfikacji: Stany Zjednoczone<br \/>\nWaluta konta: USD<br \/>\nStrefa czasowa: &#8211; 5<br \/>\nKraj profilu p\u0142atno\u015bci: USA<br \/>\nRodzaj p\u0142atno\u015bci: Enterprise<br \/>\nKonto zweryfikowane, sprzedawaj z pe\u0142nym dost\u0119pem i wszystkimi dokumentami.<\/p>\n<p><strong>Co otrzymasz po dokonaniu p\u0142atno\u015bci?<\/strong><br \/>\n1. E-mail, has\u0142o, klucz 2FA, kraj proxy, pliki cookie, dokumenty, odcisk palca dla przegl\u0105darki antidetect.<br \/>\n2. Po dokonaniu p\u0142atno\u015bci mo\u017cesz pobra\u0107 plik ze strony internetowej, a tak\u017ce otrzymasz wszystkie informacje na sw\u00f3j adres e-mail.<\/p>\n<p><em>Mo\u017cemy r\u00f3wnie\u017c przenie\u015b\u0107 konto przez Octobrowser, skontaktuj si\u0119 z mened\u017cerem @adsalexaccs (telegram).<\/em><\/p>\n","protected":false},"excerpt":{"rendered":"<p>Konto Google Ads od 03.2026 USA Kraj weryfikacji: Stany Zjednoczone Waluta konta: USD Strefa czasowa: &#8211; 5 Kraj profilu p\u0142atno\u015bci: USA Rodzaj p\u0142atno\u015bci: Enterprise Konto zweryfikowane, sprzedawaj z pe\u0142nym dost\u0119pem i wszystkimi dokumentami. Co otrzymasz po dokonaniu p\u0142atno\u015bci? 1. E-mail, has\u0142o, klucz 2FA, kraj proxy, pliki cookie, dokumenty, odcisk palca dla przegl\u0105darki antidetect. 2. Po [&hellip;]<\/p>\n","protected":false},"featured_media":1960,"template":"","meta":{"_seopress_robots_primary_cat":"none","_seopress_titles_title":"","_seopress_titles_desc":"","_seopress_robots_index":"","_et_pb_use_builder":"","_et_pb_old_content":"","_et_gb_content_width":""},"product_brand":[],"product_cat":[228],"product_tag":[],"class_list":{"0":"post-4803","1":"product","2":"type-product","3":"status-publish","4":"has-post-thumbnail","6":"product_cat-konta-farmowane","8":"first","9":"instock","10":"virtual","11":"purchasable","12":"product-type-simple"},"jetpack_sharing_enabled":true,"_links":{"self":[{"href":"https:\/\/www.buygoogleadsaccount.com\/pl\/wp-json\/wp\/v2\/product\/4803","targetHints":{"allow":["GET"]}}],"collection":[{"href":"https:\/\/www.buygoogleadsaccount.com\/pl\/wp-json\/wp\/v2\/product"}],"about":[{"href":"https:\/\/www.buygoogleadsaccount.com\/pl\/wp-json\/wp\/v2\/types\/product"}],"wp:featuredmedia":[{"embeddable":true,"href":"https:\/\/www.buygoogleadsaccount.com\/pl\/wp-json\/wp\/v2\/media\/1960"}],"wp:attachment":[{"href":"https:\/\/www.buygoogleadsaccount.com\/pl\/wp-json\/wp\/v2\/media?parent=4803"}],"wp:term":[{"taxonomy":"product_brand","embeddable":true,"href":"https:\/\/www.buygoogleadsaccount.com\/pl\/wp-json\/wp\/v2\/product_brand?post=4803"},{"taxonomy":"product_cat","embeddable":true,"href":"https:\/\/www.buygoogleadsaccount.com\/pl\/wp-json\/wp\/v2\/product_cat?post=4803"},{"taxonomy":"product_tag","embeddable":true,"href":"https:\/\/www.buygoogleadsaccount.com\/pl\/wp-json\/wp\/v2\/product_tag?post=4803"}],"curies":[{"name":"wp","href":"https:\/\/api.w.org\/{rel}","templated":true}]}}