{"id":5165,"date":"2026-04-03T11:36:56","date_gmt":"2026-04-03T08:36:56","guid":{"rendered":"https:\/\/www.buygoogleadsaccount.com\/product\/konto-google-ads-2023-wydano-24-725-usd\/"},"modified":"2026-04-03T11:36:56","modified_gmt":"2026-04-03T08:36:56","slug":"konto-google-ads-2023-wydano-24-725-usd","status":"publish","type":"product","link":"https:\/\/www.buygoogleadsaccount.com\/pl\/product\/konto-google-ads-2023-wydano-24-725-usd\/","title":{"rendered":"Konto Google Ads 2023 &#8211; Wydano 24 725 USD"},"content":{"rendered":"<p>Historia wydatk\u00f3w: 28 988 USD<br \/>\nWiek: <span data-sheets-root=\"1\">2023<\/span><br \/>\nWaluta konta: USD<br \/>\nStrefa czasowa: +5<br \/>\nKraj profilu p\u0142atno\u015bci: Kazachstan<br \/>\nRodzaj p\u0142atno\u015bci: reset<br \/>\nPotrzebujesz pe\u0142nej weryfikacji reklamodawcy.<\/p>\n<p><strong>Co otrzymasz po dokonaniu p\u0142atno\u015bci?<\/strong><br \/>\n1. Email, has\u0142o, klucz 2FA, kraj proxy, cookies, dokumenty, odcisk palca dla przegl\u0105darki antidetect.<br \/>\n2. Po dokonaniu p\u0142atno\u015bci mo\u017cesz pobra\u0107 plik na stronie internetowej, a tak\u017ce otrzymasz wszystkie informacje na sw\u00f3j adres e-mail.<\/p>\n<p><em>Mo\u017cemy r\u00f3wnie\u017c przenie\u015b\u0107 konto przez Octobrowser, prosimy o kontakt z mened\u017cerem @adsalexaccs (telegram).<\/em><\/p>\n","protected":false},"excerpt":{"rendered":"<p>Historia wydatk\u00f3w: 28 988 USD Wiek: 2023 Waluta konta: USD Strefa czasowa: +5 Kraj profilu p\u0142atno\u015bci: Kazachstan Rodzaj p\u0142atno\u015bci: reset Potrzebujesz pe\u0142nej weryfikacji reklamodawcy. Co otrzymasz po dokonaniu p\u0142atno\u015bci? 1. Email, has\u0142o, klucz 2FA, kraj proxy, cookies, dokumenty, odcisk palca dla przegl\u0105darki antidetect. 2. Po dokonaniu p\u0142atno\u015bci mo\u017cesz pobra\u0107 plik na stronie internetowej, a tak\u017ce [&hellip;]<\/p>\n","protected":false},"featured_media":5055,"template":"","meta":{"_seopress_robots_primary_cat":"none","_seopress_titles_title":"","_seopress_titles_desc":"","_seopress_robots_index":"","_et_pb_use_builder":"off","_et_pb_old_content":"","_et_gb_content_width":""},"product_brand":[],"product_cat":[85],"product_tag":[],"class_list":{"0":"post-5165","1":"product","2":"type-product","3":"status-publish","4":"has-post-thumbnail","6":"product_cat-wydatki-20-500-tys-dolarow","8":"first","9":"instock","10":"virtual","11":"sold-individually","12":"purchasable","13":"product-type-simple"},"jetpack_sharing_enabled":true,"_links":{"self":[{"href":"https:\/\/www.buygoogleadsaccount.com\/pl\/wp-json\/wp\/v2\/product\/5165","targetHints":{"allow":["GET"]}}],"collection":[{"href":"https:\/\/www.buygoogleadsaccount.com\/pl\/wp-json\/wp\/v2\/product"}],"about":[{"href":"https:\/\/www.buygoogleadsaccount.com\/pl\/wp-json\/wp\/v2\/types\/product"}],"wp:featuredmedia":[{"embeddable":true,"href":"https:\/\/www.buygoogleadsaccount.com\/pl\/wp-json\/wp\/v2\/media\/5055"}],"wp:attachment":[{"href":"https:\/\/www.buygoogleadsaccount.com\/pl\/wp-json\/wp\/v2\/media?parent=5165"}],"wp:term":[{"taxonomy":"product_brand","embeddable":true,"href":"https:\/\/www.buygoogleadsaccount.com\/pl\/wp-json\/wp\/v2\/product_brand?post=5165"},{"taxonomy":"product_cat","embeddable":true,"href":"https:\/\/www.buygoogleadsaccount.com\/pl\/wp-json\/wp\/v2\/product_cat?post=5165"},{"taxonomy":"product_tag","embeddable":true,"href":"https:\/\/www.buygoogleadsaccount.com\/pl\/wp-json\/wp\/v2\/product_tag?post=5165"}],"curies":[{"name":"wp","href":"https:\/\/api.w.org\/{rel}","templated":true}]}}