{"id":6482,"date":"2026-04-24T13:12:20","date_gmt":"2026-04-24T10:12:20","guid":{"rendered":"https:\/\/www.buygoogleadsaccount.com\/product\/konto-google-ads-2023-wydano-2100\/"},"modified":"2026-04-24T13:12:20","modified_gmt":"2026-04-24T10:12:20","slug":"konto-google-ads-2023-wydano-2100","status":"publish","type":"product","link":"https:\/\/www.buygoogleadsaccount.com\/pl\/product\/konto-google-ads-2023-wydano-2100\/","title":{"rendered":"Konto Google Ads 2023 &#8211; Wydano $2100"},"content":{"rendered":"<p>Historia wydatk\u00f3w: $2100<br \/>\nWiek: <span data-sheets-root=\"1\">2023<\/span><br \/>\nWaluta konta: USD<br \/>\nStrefa czasowa: +3<br \/>\nKraj profilu p\u0142atno\u015bci: USA<br \/>\nRodzaj p\u0142atno\u015bci: <span data-sheets-root=\"1\">przedsi\u0119biorstwo<\/span><br \/>\n<span data-sheets-root=\"1\">Mo\u017cna doda\u0107 kart\u0119 kredytow\u0105<br \/>\nZweryfikowany, pe\u0142ny dost\u0119p do profilu p\u0142atno\u015bci<br \/>\n<\/span><\/p>\n<hr>\n<p><strong>Co otrzymasz po dokonaniu p\u0142atno\u015bci?<\/strong><br \/>\n1. E-mail, has\u0142o, klucz 2FA, kraj proxy, pliki cookie, dokumenty, odcisk palca dla przegl\u0105darki antidetect.<br \/>\n2. Po dokonaniu p\u0142atno\u015bci mo\u017cesz pobra\u0107 plik ze strony internetowej, a tak\u017ce otrzymasz wszystkie informacje na sw\u00f3j adres e-mail.<\/p>\n<p><em>Mo\u017cemy r\u00f3wnie\u017c przenie\u015b\u0107 konto przez Octobrowser, prosimy o kontakt z mened\u017cerem <span style=\"color: #0000ff;\"><strong><a style=\"color: #0000ff;\" href=\"https:\/\/t.me\/adsalexaccs\">@adsalexaccs<\/a><\/strong><\/span> (telegram).<\/em><\/p>\n","protected":false},"excerpt":{"rendered":"<p>Historia wydatk\u00f3w: $2100 Wiek: 2023 Waluta konta: USD Strefa czasowa: +3 Kraj profilu p\u0142atno\u015bci: USA Rodzaj p\u0142atno\u015bci: przedsi\u0119biorstwo Mo\u017cna doda\u0107 kart\u0119 kredytow\u0105 Zweryfikowany, pe\u0142ny dost\u0119p do profilu p\u0142atno\u015bci Co otrzymasz po dokonaniu p\u0142atno\u015bci? 1. E-mail, has\u0142o, klucz 2FA, kraj proxy, pliki cookie, dokumenty, odcisk palca dla przegl\u0105darki antidetect. 2. Po dokonaniu p\u0142atno\u015bci mo\u017cesz pobra\u0107 plik [&hellip;]<\/p>\n","protected":false},"featured_media":6476,"template":"","meta":{"_seopress_robots_primary_cat":"none","_seopress_titles_title":"","_seopress_titles_desc":"","_seopress_robots_index":"","_et_pb_use_builder":"off","_et_pb_old_content":"","_et_gb_content_width":""},"product_brand":[],"product_cat":[67],"product_tag":[],"class_list":{"0":"post-6482","1":"product","2":"type-product","3":"status-publish","4":"has-post-thumbnail","6":"product_cat-1k5kspending-pl","8":"first","9":"instock","10":"virtual","11":"sold-individually","12":"purchasable","13":"product-type-simple"},"jetpack_sharing_enabled":true,"_links":{"self":[{"href":"https:\/\/www.buygoogleadsaccount.com\/pl\/wp-json\/wp\/v2\/product\/6482","targetHints":{"allow":["GET"]}}],"collection":[{"href":"https:\/\/www.buygoogleadsaccount.com\/pl\/wp-json\/wp\/v2\/product"}],"about":[{"href":"https:\/\/www.buygoogleadsaccount.com\/pl\/wp-json\/wp\/v2\/types\/product"}],"wp:featuredmedia":[{"embeddable":true,"href":"https:\/\/www.buygoogleadsaccount.com\/pl\/wp-json\/wp\/v2\/media\/6476"}],"wp:attachment":[{"href":"https:\/\/www.buygoogleadsaccount.com\/pl\/wp-json\/wp\/v2\/media?parent=6482"}],"wp:term":[{"taxonomy":"product_brand","embeddable":true,"href":"https:\/\/www.buygoogleadsaccount.com\/pl\/wp-json\/wp\/v2\/product_brand?post=6482"},{"taxonomy":"product_cat","embeddable":true,"href":"https:\/\/www.buygoogleadsaccount.com\/pl\/wp-json\/wp\/v2\/product_cat?post=6482"},{"taxonomy":"product_tag","embeddable":true,"href":"https:\/\/www.buygoogleadsaccount.com\/pl\/wp-json\/wp\/v2\/product_tag?post=6482"}],"curies":[{"name":"wp","href":"https:\/\/api.w.org\/{rel}","templated":true}]}}